{"id":680,"date":"2022-10-21T13:00:16","date_gmt":"2022-10-21T18:00:16","guid":{"rendered":"https:\/\/compraventas.com.co\/?page_id=680"},"modified":"2023-01-14T11:32:18","modified_gmt":"2023-01-14T16:32:18","slug":"almacen-compra-venta-caribe","status":"publish","type":"page","link":"https:\/\/compraventas.com.co\/es\/almacen-compra-venta-caribe\/","title":{"rendered":"Almac\u00e9n Compra Venta CARIBE"},"content":{"rendered":"<section class=\"wpb-content-wrapper\"><p>[vc_row][vc_column][vc_empty_space][\/vc_column][\/vc_row][vc_row][vc_column width=\u00bb1\/4&#8243;][vc_column_text]<\/p>\n<p style=\"text-align: center;\"><img decoding=\"async\" loading=\"lazy\" class=\"aligncenter size-full wp-image-3371\" src=\"https:\/\/compraventas.com.co\/es\/wp-content\/uploads\/2022\/12\/Compraventa-Caribe.jpg\" alt=\"Compraventa-Caribe\" width=\"233\" height=\"291\" \/><\/p>\n<p>[\/vc_column_text][\/vc_column][vc_column width=\u00bb3\/4&#8243;][vc_column_text css=\u00bb.vc_custom_1672336551413{background-color: #4f4f4f !important;}\u00bb]<\/p>\n<p style=\"text-align: center;\"><img decoding=\"async\" loading=\"lazy\" class=\"aligncenter size-full wp-image-3408\" src=\"https:\/\/compraventas.com.co\/es\/wp-content\/uploads\/2022\/12\/caribe-1.png\" alt=\"Almac\u00e9n compraventa Caribe\" width=\"864\" height=\"293\" srcset=\"https:\/\/compraventas.com.co\/es\/wp-content\/uploads\/2022\/12\/caribe-1.png 864w, https:\/\/compraventas.com.co\/es\/wp-content\/uploads\/2022\/12\/caribe-1-300x102.png 300w, https:\/\/compraventas.com.co\/es\/wp-content\/uploads\/2022\/12\/caribe-1-768x260.png 768w\" sizes=\"(max-width: 864px) 100vw, 864px\" \/><\/p>\n<p>[\/vc_column_text][\/vc_column][\/vc_row][vc_row full_width=\u00bbstretch_row\u00bb][vc_column][vc_empty_space][vc_column_text]<\/p>\n<h3 style=\"text-align: center;\"><a href=\"https:\/\/compraventas.com.co\/es\/centro-2\/\">ZONA CENTRO<\/a> &#8211; CALLE 15 #9-45 &#8211; Tel: <a href=\"tel:6028809487\" rel=\"nofollow \">602 880 9487<\/a> &#8211; Cel: <a href=\"tel:3117057136\" rel=\"nofollow \">311 705 7136<\/a><\/h3>\n<h3 style=\"text-align: center;\">Almac\u00e9n compra venta en Cali, abierto hasta las 6:00 p.m.<\/h3>\n<p>[\/vc_column_text][vc_empty_space][vc_row_inner][vc_column_inner width=\u00bb1\/4&#8243; css=\u00bb.vc_custom_1666623940994{margin-bottom: -20px !important;border-bottom-width: -20px !important;padding-bottom: -20px !important;}\u00bb][vc_column_text]<\/p>\n<p style=\"text-align: center;\"><span style=\"color: #ff0000;\"><strong>Lista de art\u00edculos disponibles sujetos a cambios sin previo aviso.<\/strong><\/span><\/p>\n<p>[\/vc_column_text][vc_empty_space][\/vc_column_inner][vc_column_inner width=\u00bb1\/4&#8243;][\/vc_column_inner][vc_column_inner width=\u00bb1\/4&#8243;][\/vc_column_inner][vc_column_inner width=\u00bb1\/4&#8243; css=\u00bb.vc_custom_1666621915000{margin-bottom: -20px !important;border-bottom-width: -20px !important;padding-bottom: -20px !important;}\u00bb][vc_column_text]<\/p>\n<p style=\"text-align: center;\"><span style=\"color: #ff0000;\"><strong>Escriba el nombre del producto que est\u00e1 buscando.<\/strong><\/span><\/p>\n<p>[\/vc_column_text][vc_empty_space][\/vc_column_inner][\/vc_row_inner][vc_column_text css=\u00bb.vc_custom_1671660532903{padding-top: 20px !important;}\u00bb]\n<table id=\"tablepress-1\" class=\"tablepress tablepress-id-1 tablepress-responsive tablepress-responsive-stack-phone\">\n<thead>\n<tr class=\"row-1 odd\">\n\t<th class=\"column-1\">Refrencia<\/th><th class=\"column-2\">Fecha<\/th><th class=\"column-3\">Art\u00edculo<\/th><th class=\"column-4\">Precio<\/th><th class=\"column-5\">Unidades<\/th><th class=\"column-6\">Tiempo de uso<\/th><th class=\"column-7\">Foto<\/th>\n<\/tr>\n<\/thead>\n<tbody class=\"row-hover\">\n<tr class=\"row-2 even\">\n\t<td class=\"column-1\">3473C<\/td><td class=\"column-2\"><\/td><td class=\"column-3\">SMART TV HYUNDAI HYLED3239INTM<\/td><td class=\"column-4\">$  550.000<\/td><td class=\"column-5\">1<\/td><td class=\"column-6\"><\/td><td class=\"column-7\"><\/td>\n<\/tr>\n<tr class=\"row-3 odd\">\n\t<td class=\"column-1\">3471C<\/td><td class=\"column-2\"><\/td><td class=\"column-3\">SMART TV SAMSUNG<\/td><td class=\"column-4\"> $  550,000 <\/td><td class=\"column-5\">1<\/td><td class=\"column-6\"><\/td><td class=\"column-7\"><\/td>\n<\/tr>\n<tr class=\"row-4 even\">\n\t<td class=\"column-1\">3472C<\/td><td class=\"column-2\"><\/td><td class=\"column-3\">SMART TV LG 32LN570B<\/td><td class=\"column-4\"> $  550,000 <\/td><td class=\"column-5\">1<\/td><td class=\"column-6\"><\/td><td class=\"column-7\"><\/td>\n<\/tr>\n<tr class=\"row-5 odd\">\n\t<td class=\"column-1\">64475<\/td><td class=\"column-2\"><\/td><td class=\"column-3\">SMART TV EXCLUSIV<\/td><td class=\"column-4\"> $  680,000 <\/td><td class=\"column-5\">1<\/td><td class=\"column-6\"><\/td><td class=\"column-7\"><\/td>\n<\/tr>\n<tr class=\"row-6 even\">\n\t<td class=\"column-1\">3390C<\/td><td class=\"column-2\"><\/td><td class=\"column-3\">ESTUFA EMPOTRAR VIDRIO<\/td><td class=\"column-4\"> $  450,000 <\/td><td class=\"column-5\">4<\/td><td class=\"column-6\"><\/td><td class=\"column-7\"><\/td>\n<\/tr>\n<tr class=\"row-7 odd\">\n\t<td class=\"column-1\">3366C<\/td><td class=\"column-2\"><\/td><td class=\"column-3\">ESTUFA EMPOTRAR ACERO GAS Y MIXTA<\/td><td class=\"column-4\"> $  280,000 <\/td><td class=\"column-5\">15<\/td><td class=\"column-6\"><\/td><td class=\"column-7\"><\/td>\n<\/tr>\n<tr class=\"row-8 even\">\n\t<td class=\"column-1\">64905<\/td><td class=\"column-2\"><\/td><td class=\"column-3\">COLLARIN KINGTER KT500<\/td><td class=\"column-4\"> $  1.500,000 <\/td><td class=\"column-5\">1<\/td><td class=\"column-6\"><\/td><td class=\"column-7\"><\/td>\n<\/tr>\n<tr class=\"row-9 odd\">\n\t<td class=\"column-1\">65387<\/td><td class=\"column-2\"><\/td><td class=\"column-3\">COLLARIN JONTEX JT4502BB<\/td><td class=\"column-4\"> $  1.700,000 <\/td><td class=\"column-5\">1<\/td><td class=\"column-6\"><\/td><td class=\"column-7\"><\/td>\n<\/tr>\n<tr class=\"row-10 even\">\n\t<td class=\"column-1\">62379<\/td><td class=\"column-2\"><\/td><td class=\"column-3\">SACANUCLEOS MARVELMW255<\/td><td class=\"column-4\"> $  1.200,000 <\/td><td class=\"column-5\">1<\/td><td class=\"column-6\"><\/td><td class=\"column-7\"><\/td>\n<\/tr>\n<tr class=\"row-11 odd\">\n\t<td class=\"column-1\">64926<\/td><td class=\"column-2\"><\/td><td class=\"column-3\">DEMOLEDOR BOSCH DH507<\/td><td class=\"column-4\"> $  1.100,000 <\/td><td class=\"column-5\">2<\/td><td class=\"column-6\"><\/td><td class=\"column-7\"><\/td>\n<\/tr>\n<tr class=\"row-12 even\">\n\t<td class=\"column-1\">62505<\/td><td class=\"column-2\"><\/td><td class=\"column-3\">INVERSOR UBERMAN KTIG200<\/td><td class=\"column-4\"> $  800,000 <\/td><td class=\"column-5\">1<\/td><td class=\"column-6\"><\/td><td class=\"column-7\"><\/td>\n<\/tr>\n<tr class=\"row-13 odd\">\n\t<td class=\"column-1\">3369C<\/td><td class=\"column-2\"><\/td><td class=\"column-3\">INVERSOR ELITE ARC160<\/td><td class=\"column-4\"> $  650,000 <\/td><td class=\"column-5\">1<\/td><td class=\"column-6\"><\/td><td class=\"column-7\"><\/td>\n<\/tr>\n<tr class=\"row-14 even\">\n\t<td class=\"column-1\">62531<\/td><td class=\"column-2\"><\/td><td class=\"column-3\">INVERSOR ELITE ARC200<\/td><td class=\"column-4\"> $  800,000 <\/td><td class=\"column-5\">1<\/td><td class=\"column-6\"><\/td><td class=\"column-7\"><\/td>\n<\/tr>\n<tr class=\"row-15 odd\">\n\t<td class=\"column-1\">63115<\/td><td class=\"column-2\"><\/td><td class=\"column-3\">CALADORA MAKITA JV0600<\/td><td class=\"column-4\"> $  450,000 <\/td><td class=\"column-5\">1<\/td><td class=\"column-6\"><\/td><td class=\"column-7\"><\/td>\n<\/tr>\n<tr class=\"row-16 even\">\n\t<td class=\"column-1\">66536<\/td><td class=\"column-2\"><\/td><td class=\"column-3\">MOTOR ELEC. WEG 1HP<\/td><td class=\"column-4\"> $  600,000 <\/td><td class=\"column-5\">1<\/td><td class=\"column-6\"><\/td><td class=\"column-7\"><\/td>\n<\/tr>\n<tr class=\"row-17 odd\">\n\t<td class=\"column-1\">2781C<\/td><td class=\"column-2\"><\/td><td class=\"column-3\">POWER LEGS ELIPTICAL<\/td><td class=\"column-4\"> $  250,000 <\/td><td class=\"column-5\">1<\/td><td class=\"column-6\"><\/td><td class=\"column-7\"><\/td>\n<\/tr>\n<tr class=\"row-18 even\">\n\t<td class=\"column-1\">3314C<\/td><td class=\"column-2\"><\/td><td class=\"column-3\">LICUADORA OSTERIZER VASO V.<\/td><td class=\"column-4\"> $  180,000 <\/td><td class=\"column-5\">5<\/td><td class=\"column-6\"><\/td><td class=\"column-7\"><\/td>\n<\/tr>\n<\/tbody>\n<\/table>\n<!-- #tablepress-1 from cache -->[\/vc_column_text][vc_empty_space][\/vc_column][\/vc_row][vc_row][vc_column width=\u00bb1\/4&#8243;][vc_custom_heading text=\u00bbInformaci\u00f3n de contacto\u00bb font_container=\u00bbtag:h3|text_align:left\u00bb google_fonts=\u00bbfont_family:Archivo%20Black%3Aregular|font_style:400%20regular%3A400%3Anormal\u00bb]<div class=\"aio-icon-component    style_1\"><div id=\"Info-box-wrap-4202\" class=\"aio-icon-box default-icon\" style=\"\"  ><div class=\"aio-icon-default\"><div class=\"ult-just-icon-wrapper  \"><div class=\"align-icon\" style=\"text-align:center;\">\n<div class=\"aio-icon none \"  style=\"color:#333;font-size:32px;display:inline-block;\">\n\t<i class=\"Defaults-map-marker\"><\/i>\n<\/div><\/div><\/div><\/div><div class=\"aio-icon-header\" ><a class=\"aio-icon-box-link\" ><h3 class=\"aio-icon-title ult-responsive\"  data-ultimate-target='#Info-box-wrap-4202 .aio-icon-title'  data-responsive-json-new='{\"font-size\":\"\",\"line-height\":\"\"}'  style=\"\">CALLE 15 #9-45<\/h3><\/a><\/div> <!-- header --><\/div> <!-- aio-icon-box --><\/div> <!-- aio-icon-component --><div class=\"aio-icon-component  vc_custom_1673713881452   style_1\"><div id=\"Info-box-wrap-6994\" class=\"aio-icon-box default-icon\" style=\"\"  ><div class=\"aio-icon-default\"><div class=\"ult-just-icon-wrapper  \"><div class=\"align-icon\" style=\"text-align:center;\">\n<div class=\"aio-icon none \"  style=\"color:#333;font-size:32px;display:inline-block;\">\n\t<i class=\"Defaults-phone\"><\/i>\n<\/div><\/div><\/div><\/div><div class=\"aio-icon-header\" ><a class=\"aio-icon-box-link\" href=\"tel:6028809487\"><h3 class=\"aio-icon-title ult-responsive\"  data-ultimate-target='#Info-box-wrap-6994 .aio-icon-title'  data-responsive-json-new='{\"font-size\":\"\",\"line-height\":\"\"}'  style=\"\">602 880 9487<\/h3><\/a><\/div> <!-- header --><\/div> <!-- aio-icon-box --><\/div> <!-- aio-icon-component --><div class=\"aio-icon-component  vc_custom_1673713922588   style_1\"><div id=\"Info-box-wrap-9084\" class=\"aio-icon-box default-icon\" style=\"\"  ><div class=\"aio-icon-default\"><div class=\"ult-just-icon-wrapper  \"><div class=\"align-icon\" style=\"text-align:center;\">\n<div class=\"aio-icon none \"  style=\"color:#333;font-size:32px;display:inline-block;\">\n\t<i class=\"Defaults-mobile mobile-phone\"><\/i>\n<\/div><\/div><\/div><\/div><div class=\"aio-icon-header\" ><a class=\"aio-icon-box-link\" href=\"tel:3117057136\"><h3 class=\"aio-icon-title ult-responsive\"  data-ultimate-target='#Info-box-wrap-9084 .aio-icon-title'  data-responsive-json-new='{\"font-size\":\"\",\"line-height\":\"\"}'  style=\"\">311 705 7136<\/h3><\/a><\/div> <!-- header --><\/div> <!-- aio-icon-box --><\/div> <!-- aio-icon-component --><div class=\"aio-icon-component  vc_custom_1673713934588   style_1\"><div id=\"Info-box-wrap-7910\" class=\"aio-icon-box default-icon\" style=\"\"  ><div class=\"aio-icon-default\"><div class=\"ult-just-icon-wrapper  \"><div class=\"align-icon\" style=\"text-align:center;\">\n<div class=\"aio-icon none \"  style=\"color:#333;font-size:32px;display:inline-block;\">\n\t<i class=\"Defaults-whatsapp\"><\/i>\n<\/div><\/div><\/div><\/div><div class=\"aio-icon-header\" ><a class=\"aio-icon-box-link\" href=\"https:\/\/api.whatsapp.com\/send?phone=573147712073&text=Buen%20d\u00eda\"target=\"_blank\"rel=\"noopener\"><h3 class=\"aio-icon-title ult-responsive\"  data-ultimate-target='#Info-box-wrap-7910 .aio-icon-title'  data-responsive-json-new='{\"font-size\":\"\",\"line-height\":\"\"}'  style=\"\">WhatsApp<\/h3><\/a><\/div> <!-- header --><\/div> <!-- aio-icon-box --><\/div> <!-- aio-icon-component -->[vc_separator]<div class=\"aio-icon-component    style_1\"><div id=\"Info-box-wrap-4152\" class=\"aio-icon-box default-icon\" style=\"\"  ><div class=\"aio-icon-default\"><div class=\"ult-just-icon-wrapper  \"><div class=\"align-icon\" style=\"text-align:center;\">\n<div class=\"aio-icon none \"  style=\"color:#333;font-size:32px;display:inline-block;\">\n\t<i class=\"Defaults-calendar\"><\/i>\n<\/div><\/div><\/div><\/div><div class=\"aio-icon-header\" ><a class=\"aio-icon-box-link\" href=\"https:\/\/api.whatsapp.com\/send?phone=573147712073&text=Buen%20d\u00eda\"target=\"_blank\"rel=\"noopener\"><h3 class=\"aio-icon-title ult-responsive\"  data-ultimate-target='#Info-box-wrap-4152 .aio-icon-title'  data-responsive-json-new='{\"font-size\":\"\",\"line-height\":\"\"}'  style=\"\">Horario de atenci\u00f3n<\/h3><\/a><\/div> <!-- header --><div class=\"aio-icon-description ult-responsive\"  data-ultimate-target='#Info-box-wrap-4152 .aio-icon-description'  data-responsive-json-new='{\"font-size\":\"\",\"line-height\":\"\"}'  style=\"\"><strong>Lunes 8:00 a.m. &#8211; 6:00 p.m.<\/strong><br \/>\n<strong>Martes 8:00 a.m. &#8211; 6:00 p.m.<\/strong><br \/>\n<strong>Mi\u00e9rcoles 8:00 a.m. &#8211; 6:00 p.m.<\/strong><br \/>\n<strong>Jueves 8:00 a.m. &#8211; 6:00 p.m.<\/strong><br \/>\n<strong>Viernes 8:00 a.m. &#8211; 6:00 p.m.<\/strong><br \/>\n<strong>S\u00e1bado 8:00 a.m. &#8211; 6:00 p.m.<\/strong><br \/>\n<strong>Domingo Cerrado<\/strong><\/div> <!-- description --><\/div> <!-- aio-icon-box --><\/div> <!-- aio-icon-component -->[\/vc_column][vc_column width=\u00bb1\/4&#8243;][vc_column_text]<iframe loading=\"lazy\" style=\"border: 0;\" src=\"https:\/\/www.google.com\/maps\/embed?pb=!4v1666544378653!6m8!1m7!1snqhXn-ZymlCi5iKs4lXMWg!2m2!1d3.448368747808858!2d-76.52758983943714!3f67.96561125817516!4f-0.19976278994388963!5f0.7820865974627469\" width=\"100%\" height=\"580\" allowfullscreen=\"allowfullscreen\"><\/iframe>[\/vc_column_text][\/vc_column][vc_column width=\u00bb1\/2&#8243;][vc_column_text]<style type=\"text\/css\">\n  .asl-p-cont .asl-print-btn,.asl-cont .asl-print-btn {display: none !important;}  .asl-cont .onoffswitch .onoffswitch-label .onoffswitch-switch:before {content: \"ABIERTO\" !important;}\n  .asl-cont .onoffswitch .onoffswitch-label .onoffswitch-switch:after {content: \"TODOS\" !important;}\n  @media (max-width: 767px) {\n    #asl-storelocator.asl-cont .asl-panel {order: 0;}\n  }\n<\/style>\n<div id=\"asl-storelocator\" class=\"storelocator-main asl-cont asl-template-0 asl-layout-0 asl-bg-0 map-full full-width no-asl-filters  asl-text-1\">\n  <div class=\"asl-wrapper\">\n    <div class=\"sl-container-fluid\">\n                  <div class=\"sl-row\">\n        <div class=\"pol-12\">\n            <div class=\"sl-main-cont\">\n                <div class=\"sl-row no-gutters sl-main-row\">\n                    <div id=\"asl-panel\" class=\"asl-panel pol-md-5 pol-lg-4 asl_locator-panel\">\n                        <div class=\"asl-overlay\" id=\"map-loading\">\n                            <div class=\"white\"><\/div>\n                            <div class=\"sl-loading\">\n                              <i class=\"animate-sl-spin icon-spin3\"><\/i>\n                              Cargando                            <\/div>\n                        <\/div>\n                                                <div class=\"inside search_filter\">\n                          <p class=\"mb-2\">ubicaci\u00f3n de b\u00fasqueda<\/p>\n                          <div class=\"asl-store-search\">\n                            <input type=\"text\" value=\"\" id=\"auto-complete-search\" class=\"asl-search-address form-control\" placeholder=\"Ingrese una ubicaci\u00f3n\">\n                            <button type=\"button\" class=\"span-geo\"><i class=\"asl-geo asl-geo icon-direction-outline\" title=\"Ubicaci\u00f3n actual\"><\/i><\/button>\n                          <\/div>\n                        <\/div>\n                                                <!-- list -->\n                        <div class=\"asl-panel-inner\">\n                            <div class=\"top-title Num_of_store\">\n                              <span>N\u00famero de tiendas: <span class=\"count-result\">0<\/span><\/span>\n                              <a class=\"asl-print-btn\"><span>IMPRESI\u00d3N<\/span><span class=\"asl-print\"><\/span><\/a>\n                            <\/div>\n                            <div class=\"sl-main-cont-box\">\n                              <div id=\"asl-list\" class=\"sl-list-wrapper\">\n                                <ul id=\"p-statelist\" class=\"sl-list\">\n                                <\/ul>\n                              <\/div>\n                            <\/div>\n                        <\/div>\n\n                        <div class=\"directions-cont hide\">\n                            <div class=\"agile-modal-header\">\n                                <button type=\"button\" class=\"close\"><span aria-hidden=\"true\">\u00d7<\/span><\/button>\n                                <h4>Direcci\u00f3n de la tienda<\/h4>\n                            <\/div>\n                            <div class=\"rendered-directions\" id=\"asl-rendered-dir\" style=\"direction: ltr;\"><\/div>\n                        <\/div>\n                    <\/div>\n                    <div class=\"pol-md-7 pol-lg-8 asl-map\">\n                        <div class=\"map-image\">\n                            <div id=\"asl-map-canv\" class=\"asl-map-canv\"><\/div>\n                            <div id=\"agile-modal-direction\" class=\"agile-modal fade\">\n    <div class=\"agile-modal-backdrop-in\"><\/div>\n    <div class=\"agile-modal-dialog in\">\n        <div class=\"agile-modal-content\">\n            <div class=\"sl-form-group d-flex justify-content-between\">\n                <h4>Obtenga su direcci\u00f3n<\/h4>\n                <button type=\"button\" class=\"close-directions sl-close\" data-dismiss=\"agile-modal\" aria-label=\"Close\">&times;<\/button>\n            <\/div>\n            <div class=\"sl-form-group\">\n                <label for=\"frm-lbl\">Desde:<\/label>\n                <input type=\"text\" class=\"form-control frm-place\" id=\"frm-lbl\" placeholder=\"Ingrese una ubicaci\u00f3n\">\n            <\/div>\n            <div class=\"sl-form-group\">\n                <label for=\"frm-lbl\">A:<\/label>\n                <input readonly=\"true\" type=\"text\"  class=\"directions-to form-control\" id=\"to-lbl\" placeholder=\"Direcci\u00f3n de destino rellenada previamente\">\n            <\/div>\n            <div class=\"sl-form-group mb-0\">\n                <label class=\"checkbox-inline\">\n                    <input type=\"radio\" name=\"dist-type\"  id=\"rbtn-km\" value=\"0\"> kil\u00f3metros                <\/label>\n                <label class=\"checkbox-inline\">\n                    <input type=\"radio\" name=\"dist-type\" checked id=\"rbtn-mile\" value=\"1\"> Milla                <\/label>\n            <\/div>\n            <div class=\"sl-form-group mb-0\">\n                <button type=\"submit\" class=\"btn btn-default btn-submit\">Como llegar<\/button>\n            <\/div>\n        <\/div>\n    <\/div>\n<\/div>\n\n<div id=\"asl-geolocation-agile-modal\" class=\"agile-modal fade\">\n  <div class=\"agile-modal-backdrop-in\"><\/div>\n  <div class=\"agile-modal-dialog in\">\n    <div class=\"agile-modal-content\">\n            <div class=\"sl-form-group d-flex justify-content-between\">\n        <h5>Usar mi ubicaci\u00f3n para encontrar el proveedor de servicios m\u00e1s cercano cerca de m\u00ed<\/h5>\n        <button type=\"button\" class=\"close-directions sl-close\" data-dismiss=\"agile-modal\" aria-label=\"Close\" aria-hidden=\"true\">&times;<\/button>\n      <\/div>\n      <div class=\"sl-form-group text-center mb-0\">\n        <button type=\"button\" id=\"asl-btn-geolocation\" class=\"btn btn-block btn-default\">uso Localizaci\u00f3n<\/button>\n      <\/div>\n          <\/div>\n  <\/div>\n<\/div>\n\n<div id=\"asl-desc-agile-modal\" class=\"agile-modal fade\">\n  <div class=\"agile-modal-backdrop-in\"><\/div>\n  <div class=\"agile-modal-dialog in\">\n    <div class=\"agile-modal-content\">\n      <div class=\"sl-row\">\n        <div class=\"pol-md-12\">\n          <div class=\"sl-form-group d-flex justify-content-between\">\n            <h4 class=\"sl-title\"><\/h4>\n            <button type=\"button\" class=\"close-directions sl-close\" data-dismiss=\"agile-modal\" aria-label=\"Close\">&times;<\/button>\n          <\/div>\n          <p class=\"sl-desc\"><\/p>\n        <\/div>\n      <\/div>\n    <\/div>\n  <\/div>\n<\/div>                        <\/div>\n                    <\/div>\n                <\/div>\n            <\/div>\n        <\/div>\n      <\/div>\n    <\/div>\n  <\/div>\n<\/div>\n<!-- This plugin is developed by \"Agile Store Locator for WordPress\" https:\/\/agilestorelocator.com -->[\/vc_column_text][vc_column_text]<\/p>\n<p style=\"text-align: center;\"><span style=\"font-size: 8pt;\"><a href=\"https:\/\/cali-virtual.com\/\" target=\"_blank\" rel=\"noopener\">SEO por Cali Virtual<\/a><\/span><\/p>\n<p>[\/vc_column_text][\/vc_column][\/vc_row][vc_row][vc_column][vc_empty_space][\/vc_column][\/vc_row]<\/p>\n<\/section>","protected":false},"excerpt":{"rendered":"<p>[vc_row][vc_column][vc_empty_space][\/vc_column][\/vc_row][vc_row][vc_column width=\u00bb1\/4&#8243;][vc_column_text] [\/vc_column_text][\/vc_column][vc_column width=\u00bb3\/4&#8243;][vc_column_text css=\u00bb.vc_custom_1672336551413{background-color: #4f4f4f !important;}\u00bb] [\/vc_column_text][\/vc_column][\/vc_row][vc_row full_width=\u00bbstretch_row\u00bb][vc_column][vc_empty_space][vc_column_text] ZONA CENTRO &#8211; CALLE 15 #9-45 &#8211; Tel: 602 880 9487 &#8211; Cel: 311 705 7136 Almac\u00e9n compra venta en Cali, abierto hasta las 6:00 p.m. [\/vc_column_text][vc_empty_space][vc_row_inner][vc_column_inner width=\u00bb1\/4&#8243; css=\u00bb.vc_custom_1666623940994{margin-bottom: -20px !important;border-bottom-width: -20px !important;padding-bottom: -20px !important;}\u00bb][vc_column_text] Lista de art\u00edculos disponibles sujetos a cambios sin previo aviso. [\/vc_column_text][vc_empty_space][\/vc_column_inner][vc_column_inner [&hellip;]<\/p>\n","protected":false},"author":1,"featured_media":2762,"parent":0,"menu_order":0,"comment_status":"closed","ping_status":"closed","template":"page-NoTitleBar.php","meta":{"om_disable_all_campaigns":false,"_mi_skip_tracking":false},"aioseo_notices":[],"_links":{"self":[{"href":"https:\/\/compraventas.com.co\/es\/wp-json\/wp\/v2\/pages\/680"}],"collection":[{"href":"https:\/\/compraventas.com.co\/es\/wp-json\/wp\/v2\/pages"}],"about":[{"href":"https:\/\/compraventas.com.co\/es\/wp-json\/wp\/v2\/types\/page"}],"author":[{"embeddable":true,"href":"https:\/\/compraventas.com.co\/es\/wp-json\/wp\/v2\/users\/1"}],"replies":[{"embeddable":true,"href":"https:\/\/compraventas.com.co\/es\/wp-json\/wp\/v2\/comments?post=680"}],"version-history":[{"count":15,"href":"https:\/\/compraventas.com.co\/es\/wp-json\/wp\/v2\/pages\/680\/revisions"}],"predecessor-version":[{"id":3666,"href":"https:\/\/compraventas.com.co\/es\/wp-json\/wp\/v2\/pages\/680\/revisions\/3666"}],"wp:featuredmedia":[{"embeddable":true,"href":"https:\/\/compraventas.com.co\/es\/wp-json\/wp\/v2\/media\/2762"}],"wp:attachment":[{"href":"https:\/\/compraventas.com.co\/es\/wp-json\/wp\/v2\/media?parent=680"}],"curies":[{"name":"wp","href":"https:\/\/api.w.org\/{rel}","templated":true}]}}