{"id":2598,"date":"2022-10-02T16:01:44","date_gmt":"2022-10-02T16:01:44","guid":{"rendered":"http:\/\/compraventas.com.co\/?page_id=11"},"modified":"2023-01-15T10:05:45","modified_gmt":"2023-01-15T15:05:45","slug":"sucursales","status":"publish","type":"page","link":"https:\/\/compraventas.com.co\/es\/sucursales\/","title":{"rendered":"SUCURSALES"},"content":{"rendered":"<section class=\"wpb-content-wrapper\"><p>[vc_row][vc_column][vc_empty_space][vc_column_text]<\/p>\n<h2 style=\"text-align: center;\"><span style=\"font-size: 30pt;\"><strong><span style=\"color: #c3111d;\"><span style=\"color: #003366;\">En<\/span> nuestras <a style=\"color: #c3111d;\" href=\"https:\/\/compraventas.com.co\/es\/sucursales\/\">Compraventas<\/a><br \/>\n<span style=\"color: #003366;\">tus art\u00edculos te dan el<\/span> efectivo<br \/>\n<span style=\"color: #003366;\">que necesitas<\/span><\/span><\/strong><\/span><\/h2>\n<h4 style=\"text-align: center;\"><em><span style=\"font-size: 18pt;\"><strong><span style=\"color: #003366;\">\u00a1Encuenta aqu\u00ed la m\u00e1s cercana a t\u00ed!<\/span><\/strong><\/span><\/em><\/h4>\n<p>[\/vc_column_text][vc_empty_space][vc_row_inner][vc_column_inner width=\u00bb1\/3&#8243;][vc_single_image image=\u00bb2702&#8243; img_size=\u00bbfull\u00bb alignment=\u00bbcenter\u00bb onclick=\u00bbcustom_link\u00bb image_hovers=\u00bbfalse\u00bb link=\u00bbhttps:\/\/compraventas.com.co\/es\/sur-2\/\u00bb][\/vc_column_inner][vc_column_inner width=\u00bb1\/3&#8243;][vc_single_image image=\u00bb2704&#8243; img_size=\u00bbfull\u00bb alignment=\u00bbcenter\u00bb onclick=\u00bbcustom_link\u00bb image_hovers=\u00bbfalse\u00bb link=\u00bbhttps:\/\/compraventas.com.co\/es\/norte-2\/\u00bb][\/vc_column_inner][vc_column_inner width=\u00bb1\/3&#8243;][vc_single_image image=\u00bb2706&#8243; img_size=\u00bbfull\u00bb alignment=\u00bbcenter\u00bb onclick=\u00bbcustom_link\u00bb image_hovers=\u00bbfalse\u00bb link=\u00bbhttps:\/\/compraventas.com.co\/es\/oriente-2\/\u00bb][\/vc_column_inner][\/vc_row_inner][vc_separator][vc_row_inner][vc_column_inner width=\u00bb1\/3&#8243;][vc_single_image image=\u00bb2707&#8243; img_size=\u00bbfull\u00bb alignment=\u00bbcenter\u00bb onclick=\u00bbcustom_link\u00bb image_hovers=\u00bbfalse\u00bb link=\u00bbhttps:\/\/compraventas.com.co\/es\/occidente-2\/\u00bb][\/vc_column_inner][vc_column_inner width=\u00bb1\/3&#8243;][vc_single_image image=\u00bb2708&#8243; img_size=\u00bb\u00bb alignment=\u00bbcenter\u00bb onclick=\u00bbcustom_link\u00bb image_hovers=\u00bbfalse\u00bb link=\u00bbhttps:\/\/compraventas.com.co\/es\/centro-2\/\u00bb][\/vc_column_inner][vc_column_inner width=\u00bb1\/3&#8243;][vc_single_image image=\u00bb2710&#8243; img_size=\u00bb\u00bb alignment=\u00bbcenter\u00bb onclick=\u00bbcustom_link\u00bb image_hovers=\u00bbfalse\u00bb link=\u00bbhttps:\/\/compraventas.com.co\/es\/valle-2\/\u00bb][\/vc_column_inner][\/vc_row_inner][\/vc_column][\/vc_row][vc_row parallax_content=\u00bbparallax_content_value\u00bb][vc_column][vc_row_inner][vc_column_inner][vc_empty_space][vc_column_text]<\/p>\n<h1 style=\"text-align: center;\"><strong><span style=\"color: #c3111d; font-size: 40pt;\">CONT\u00c1CTANOS<\/span><\/strong><\/h1>\n<h4 style=\"text-align: center;\"><span style=\"font-size: 18pt;\"><strong><span style=\"color: #003366;\">Para consultas por favor ll\u00e1menos,<\/span><\/strong><\/span><br \/>\n<span style=\"font-size: 18pt;\"><strong><span style=\"color: #003366;\">escr\u00edbenos o env\u00edanos un email.<\/span><\/strong><\/span><\/h4>\n<h4 style=\"text-align: center;\"><span style=\"font-size: 18pt;\"><strong><span style=\"color: #003366;\">NUESTRO TEL\u00c9FONO EN CALI:<br \/>\n(602) 390 0280\u00a0<\/span><\/strong><\/span><\/h4>\n<p>[\/vc_column_text][vc_empty_space]<div class=\" ubtn-ctn-center \"><a class=\"ubtn-link ult-adjust-bottom-margin ubtn-center ubtn-custom \" href=\"tel:6023900280\"><button type=\"button\" id=\"ubtn-1921\" class=\"ubtn ult-adjust-bottom-margin ult-responsive ubtn-custom ubtn-no-hover-bg  ulta-pulse  ubtn-center   tooltip-69f980a5df3c5\"  data-hover=\"\" data-border-color=\"\" data-bg=\"#c3111d\" data-hover-bg=\"\" data-border-hover=\"\" data-shadow-hover=\"\" data-shadow-click=\"none\" data-shadow=\"\" data-shd-shadow=\"\"  data-ultimate-target='#ubtn-1921'  data-responsive-json-new='{\"font-size\":\"desktop:26px;\",\"line-height\":\"desktop:0px;\"}'  style=\"font-weight:bold;width:300px;min-height:60px;padding:px px;border-radius:36px;border-width:1px;border-color:;border-style:solid;background: #c3111d;color: #ffffff;\"><span class=\"ubtn-data ubtn-icon\"><i class=\"none\" style=\"font-size:18px;color:;\"><\/i><\/span><span class=\"ubtn-hover\" style=\"background-color:\"><\/span><span class=\"ubtn-data ubtn-text \" >LL\u00c1MANOS<\/span><\/button><\/a><\/div>[\/vc_column_inner][\/vc_row_inner][vc_column_text]<\/p>\n<h4 style=\"text-align: center;\"><span style=\"font-size: 18pt;\"><strong><span style=\"color: #003366;\">NUESTRO CELULAR:<br \/>\n<a href=\"tel:3103816969\" rel=\"nofollow \">310 381 6969<\/a><\/span><\/strong><\/span><\/h4>\n<p>[\/vc_column_text]<div class=\" ubtn-ctn-center \"><a class=\"ubtn-link ult-adjust-bottom-margin ubtn-center ubtn-custom \" href=\"tel:3103816969\"><button type=\"button\" id=\"ubtn-4763\" class=\"ubtn ult-adjust-bottom-margin ult-responsive ubtn-custom ubtn-no-hover-bg  ulta-pulse  ubtn-center   tooltip-69f980a5df485\"  data-hover=\"\" data-border-color=\"\" data-bg=\"#c3111d\" data-hover-bg=\"\" data-border-hover=\"\" data-shadow-hover=\"\" data-shadow-click=\"none\" data-shadow=\"\" data-shd-shadow=\"\"  data-ultimate-target='#ubtn-4763'  data-responsive-json-new='{\"font-size\":\"desktop:26px;\",\"line-height\":\"desktop:0px;\"}'  style=\"font-weight:bold;width:300px;min-height:60px;padding:px px;border-radius:36px;border-width:1px;border-color:;border-style:solid;background: #c3111d;color: #ffffff;\"><span class=\"ubtn-data ubtn-icon\"><i class=\"none\" style=\"font-size:18px;color:;\"><\/i><\/span><span class=\"ubtn-hover\" style=\"background-color:\"><\/span><span class=\"ubtn-data ubtn-text \" >LL\u00c1MANOS<\/span><\/button><\/a><\/div>[vc_column_text]<\/p>\n<h4 style=\"text-align: center;\"><span style=\"font-size: 18pt;\"><strong><span style=\"color: #003366;\">NUESTRO EMAIL:<br \/>\n<\/span><\/strong><a href=\"mailto:asocomcompraventascali@gmail.com\" rel=\"nofollow \"><span style=\"color: #003366; font-size: 14pt;\">asocomcompraventascali@gmail.com<\/span><\/a><\/span><\/h4>\n<p>[\/vc_column_text]<div class=\" ubtn-ctn-center \"><a class=\"ubtn-link ult-adjust-bottom-margin ubtn-center ubtn-custom \" href=\"mailto:asocomcompraventascali@gmail.com\"><button type=\"button\" id=\"ubtn-4882\" class=\"ubtn ult-adjust-bottom-margin ult-responsive ubtn-custom ubtn-no-hover-bg  ulta-pulse  ubtn-center   tooltip-69f980a5df4c1\"  data-hover=\"\" data-border-color=\"\" data-bg=\"#c3111d\" data-hover-bg=\"\" data-border-hover=\"\" data-shadow-hover=\"\" data-shadow-click=\"none\" data-shadow=\"\" data-shd-shadow=\"\"  data-ultimate-target='#ubtn-4882'  data-responsive-json-new='{\"font-size\":\"desktop:26px;\",\"line-height\":\"desktop:0px;\"}'  style=\"font-weight:bold;width:300px;min-height:60px;padding:px px;border-radius:36px;border-width:1px;border-color:;border-style:solid;background: #c3111d;color: #ffffff;\"><span class=\"ubtn-data ubtn-icon\"><i class=\"none\" style=\"font-size:18px;color:;\"><\/i><\/span><span class=\"ubtn-hover\" style=\"background-color:\"><\/span><span class=\"ubtn-data ubtn-text \" >ESCR\u00cdBENOS<\/span><\/button><\/a><\/div>[vc_column_text]<\/p>\n<h4 style=\"text-align: center;\"><span style=\"font-size: 18pt;\"><strong><span style=\"color: #003366;\">NUESTRO WHATSAPP:<br \/>\n<\/span><\/strong><a href=\"https:\/\/api.whatsapp.com\/send?phone=573103816969&amp;text=Hola%20Necesito%20Dinero%20de%20Inmediato\" target=\"_blank\" rel=\"nofollow noopener\"><span style=\"color: #003366; font-size: 14pt;\">+57-310-381-6969\u00a0<\/span><\/a><\/span><\/h4>\n<p>[\/vc_column_text]<div class=\" ubtn-ctn-center \"><a class=\"ubtn-link ult-adjust-bottom-margin ubtn-center ubtn-custom \" href=\"https:\/\/api.whatsapp.com\/send?phone=573103816969&text=Hola%20Necesito%20Dinero%20de%20Inmediato\"><button type=\"button\" id=\"ubtn-5182\" class=\"ubtn ult-adjust-bottom-margin ult-responsive ubtn-custom ubtn-no-hover-bg  ulta-pulse  ubtn-center   tooltip-69f980a5df4f8\"  data-hover=\"\" data-border-color=\"\" data-bg=\"#c3111d\" data-hover-bg=\"\" data-border-hover=\"\" data-shadow-hover=\"\" data-shadow-click=\"none\" data-shadow=\"\" data-shd-shadow=\"\"  data-ultimate-target='#ubtn-5182'  data-responsive-json-new='{\"font-size\":\"desktop:26px;\",\"line-height\":\"desktop:0px;\"}'  style=\"font-weight:bold;width:300px;min-height:60px;padding:px px;border-radius:36px;border-width:1px;border-color:;border-style:solid;background: #c3111d;color: #ffffff;\"><span class=\"ubtn-data ubtn-icon\"><i class=\"none\" style=\"font-size:18px;color:;\"><\/i><\/span><span class=\"ubtn-hover\" style=\"background-color:\"><\/span><span class=\"ubtn-data ubtn-text \" >ESCR\u00cdBENOS<\/span><\/button><\/a><\/div>[vc_column_text]<\/p>\n<h4 style=\"text-align: center;\"><span style=\"font-size: 18pt;\"><strong><span style=\"color: #003366;\">NUESTRA DIRECCI\u00d3N EN CALI:<br \/>\n<\/span><\/strong><span style=\"color: #003366; font-size: 14pt;\">Av. Roosevelt #44-88<\/span><\/span><\/h4>\n<p>[\/vc_column_text]<div class=\" ubtn-ctn-center \"><a class=\"ubtn-link ult-adjust-bottom-margin ubtn-center ubtn-custom \" href=\"https:\/\/www.google.com.co\/maps\/place\/Compraventas+En+Cali\/@3.4169983,-76.5464735,17z\/data=!3m1!4b1!4m5!3m4!1s0x8e30a6a68ba6aaab:0x3d9664f7f3655a05!8m2!3d3.4169693!4d-76.5442307?hl=es&shorturl=1\"><button type=\"button\" id=\"ubtn-3722\" class=\"ubtn ult-adjust-bottom-margin ult-responsive ubtn-custom ubtn-no-hover-bg  ulta-pulse  ubtn-center   tooltip-69f980a5df54f\"  data-hover=\"\" data-border-color=\"\" data-bg=\"#c3111d\" data-hover-bg=\"\" data-border-hover=\"\" data-shadow-hover=\"\" data-shadow-click=\"none\" data-shadow=\"\" data-shd-shadow=\"\"  data-ultimate-target='#ubtn-3722'  data-responsive-json-new='{\"font-size\":\"desktop:26px;\",\"line-height\":\"desktop:0px;\"}'  style=\"font-weight:bold;width:300px;min-height:60px;padding:px px;border-radius:36px;border-width:1px;border-color:;border-style:solid;background: #c3111d;color: #ffffff;\"><span class=\"ubtn-data ubtn-icon\"><i class=\"none\" style=\"font-size:18px;color:;\"><\/i><\/span><span class=\"ubtn-hover\" style=\"background-color:\"><\/span><span class=\"ubtn-data ubtn-text \" >ENCU\u00c9NTRANOS<\/span><\/button><\/a><\/div>[\/vc_column][\/vc_row]<\/p>\n<\/section>","protected":false},"excerpt":{"rendered":"<p>[vc_row][vc_column][vc_empty_space][vc_column_text] En nuestras Compraventas tus art\u00edculos te dan el efectivo que necesitas \u00a1Encuenta aqu\u00ed la m\u00e1s cercana a t\u00ed! [\/vc_column_text][vc_empty_space][vc_row_inner][vc_column_inner width=\u00bb1\/3&#8243;][vc_single_image image=\u00bb2702&#8243; img_size=\u00bbfull\u00bb alignment=\u00bbcenter\u00bb onclick=\u00bbcustom_link\u00bb image_hovers=\u00bbfalse\u00bb link=\u00bbhttps:\/\/compraventas.com.co\/es\/sur-2\/\u00bb][\/vc_column_inner][vc_column_inner width=\u00bb1\/3&#8243;][vc_single_image image=\u00bb2704&#8243; img_size=\u00bbfull\u00bb alignment=\u00bbcenter\u00bb onclick=\u00bbcustom_link\u00bb image_hovers=\u00bbfalse\u00bb link=\u00bbhttps:\/\/compraventas.com.co\/es\/norte-2\/\u00bb][\/vc_column_inner][vc_column_inner width=\u00bb1\/3&#8243;][vc_single_image image=\u00bb2706&#8243; img_size=\u00bbfull\u00bb alignment=\u00bbcenter\u00bb onclick=\u00bbcustom_link\u00bb image_hovers=\u00bbfalse\u00bb link=\u00bbhttps:\/\/compraventas.com.co\/es\/oriente-2\/\u00bb][\/vc_column_inner][\/vc_row_inner][vc_separator][vc_row_inner][vc_column_inner width=\u00bb1\/3&#8243;][vc_single_image image=\u00bb2707&#8243; img_size=\u00bbfull\u00bb alignment=\u00bbcenter\u00bb onclick=\u00bbcustom_link\u00bb image_hovers=\u00bbfalse\u00bb link=\u00bbhttps:\/\/compraventas.com.co\/es\/occidente-2\/\u00bb][\/vc_column_inner][vc_column_inner width=\u00bb1\/3&#8243;][vc_single_image image=\u00bb2708&#8243; img_size=\u00bb\u00bb alignment=\u00bbcenter\u00bb onclick=\u00bbcustom_link\u00bb image_hovers=\u00bbfalse\u00bb link=\u00bbhttps:\/\/compraventas.com.co\/es\/centro-2\/\u00bb][\/vc_column_inner][vc_column_inner [&hellip;]<\/p>\n","protected":false},"author":1,"featured_media":0,"parent":0,"menu_order":0,"comment_status":"closed","ping_status":"closed","template":"page-NoTitleBar.php","meta":{"om_disable_all_campaigns":false,"_mi_skip_tracking":false},"aioseo_notices":[],"_links":{"self":[{"href":"https:\/\/compraventas.com.co\/es\/wp-json\/wp\/v2\/pages\/2598"}],"collection":[{"href":"https:\/\/compraventas.com.co\/es\/wp-json\/wp\/v2\/pages"}],"about":[{"href":"https:\/\/compraventas.com.co\/es\/wp-json\/wp\/v2\/types\/page"}],"author":[{"embeddable":true,"href":"https:\/\/compraventas.com.co\/es\/wp-json\/wp\/v2\/users\/1"}],"replies":[{"embeddable":true,"href":"https:\/\/compraventas.com.co\/es\/wp-json\/wp\/v2\/comments?post=2598"}],"version-history":[{"count":25,"href":"https:\/\/compraventas.com.co\/es\/wp-json\/wp\/v2\/pages\/2598\/revisions"}],"predecessor-version":[{"id":3748,"href":"https:\/\/compraventas.com.co\/es\/wp-json\/wp\/v2\/pages\/2598\/revisions\/3748"}],"wp:attachment":[{"href":"https:\/\/compraventas.com.co\/es\/wp-json\/wp\/v2\/media?parent=2598"}],"curies":[{"name":"wp","href":"https:\/\/api.w.org\/{rel}","templated":true}]}}