{"id":1212,"date":"2022-10-26T16:05:15","date_gmt":"2022-10-26T21:05:15","guid":{"rendered":"https:\/\/compraventas.com.co\/?page_id=1212"},"modified":"2024-10-22T21:13:43","modified_gmt":"2024-10-23T02:13:43","slug":"compraventa-el-diamante-azul","status":"publish","type":"page","link":"https:\/\/compraventas.com.co\/es\/compraventa-el-diamante-azul\/","title":{"rendered":"Compraventa D MARTI"},"content":{"rendered":"<section class=\"wpb-content-wrapper\"><p>[vc_row][vc_column width=\u00bb1\/4&#8243;][vc_column_text]<\/p>\n<figure id=\"attachment_4231\" aria-describedby=\"caption-attachment-4231\" style=\"width: 300px\" class=\"wp-caption alignnone\"><img decoding=\"async\" loading=\"lazy\" class=\"wp-image-4231 size-medium\" src=\"https:\/\/compraventas.com.co\/es\/wp-content\/uploads\/2024\/10\/WhatsApp-Image-2024-10-22-at-53115-PM-300x261.jpeg\" alt=\"\" width=\"300\" height=\"261\" srcset=\"https:\/\/compraventas.com.co\/es\/wp-content\/uploads\/2024\/10\/WhatsApp-Image-2024-10-22-at-53115-PM-300x261.jpeg 300w, https:\/\/compraventas.com.co\/es\/wp-content\/uploads\/2024\/10\/WhatsApp-Image-2024-10-22-at-53115-PM-1024x890.jpeg 1024w, https:\/\/compraventas.com.co\/es\/wp-content\/uploads\/2024\/10\/WhatsApp-Image-2024-10-22-at-53115-PM-768x668.jpeg 768w, https:\/\/compraventas.com.co\/es\/wp-content\/uploads\/2024\/10\/WhatsApp-Image-2024-10-22-at-53115-PM-1536x1335.jpeg 1536w, https:\/\/compraventas.com.co\/es\/wp-content\/uploads\/2024\/10\/WhatsApp-Image-2024-10-22-at-53115-PM.jpeg 1600w\" sizes=\"(max-width: 300px) 100vw, 300px\" \/><figcaption id=\"caption-attachment-4231\" class=\"wp-caption-text\">#image_title<\/figcaption><\/figure>\n<p>[\/vc_column_text][\/vc_column][vc_column width=\u00bb3\/4&#8243;][vc_column_text css=\u00bb.vc_custom_1729637341935{background-color: #4f4f4f !important;}\u00bb]<\/p>\n<figure id=\"attachment_4232\" aria-describedby=\"caption-attachment-4232\" style=\"width: 300px\" class=\"wp-caption alignnone\"><img decoding=\"async\" loading=\"lazy\" class=\"wp-image-4232 size-medium\" src=\"https:\/\/compraventas.com.co\/es\/wp-content\/uploads\/2024\/10\/dmarti-e1729637289198-300x129.png\" alt=\"\" width=\"300\" height=\"129\" srcset=\"https:\/\/compraventas.com.co\/es\/wp-content\/uploads\/2024\/10\/dmarti-e1729637289198-300x129.png 300w, https:\/\/compraventas.com.co\/es\/wp-content\/uploads\/2024\/10\/dmarti-e1729637289198.png 306w\" sizes=\"(max-width: 300px) 100vw, 300px\" \/><figcaption id=\"caption-attachment-4232\" class=\"wp-caption-text\">#image_title<\/figcaption><\/figure>\n<p>[\/vc_column_text][\/vc_column][\/vc_row][vc_row full_width=\u00bbstretch_row\u00bb][vc_column][vc_empty_space][vc_column_text]<\/p>\n<h3 style=\"text-align: center;\"><a href=\"https:\/\/compraventas.com.co\/es\/oriente-2\/\">ZONA ORIENTE<\/a> &#8211; CALLE 36 #32-13 Tel: <a href=\"tel:6023409572\" rel=\"nofollow \">6023409572<\/a> Cel: <a href=\"tel:3105737953\" rel=\"nofollow \">3105737953<\/a><\/h3>\n<h3 style=\"text-align: center;\">Almac\u00e9n compra venta en Cali, Servicio 24H.<\/h3>\n<p>[\/vc_column_text][vc_empty_space][vc_row_inner][vc_column_inner width=\u00bb1\/4&#8243; css=\u00bb.vc_custom_1666623940994{margin-bottom: -20px !important;border-bottom-width: -20px !important;padding-bottom: -20px !important;}\u00bb][vc_column_text]<\/p>\n<p style=\"text-align: center;\"><span style=\"color: #ff0000;\"><strong>Lista de art\u00edculos disponibles sujetos a cambios sin previo aviso.<\/strong><\/span><\/p>\n<p>[\/vc_column_text][vc_empty_space][\/vc_column_inner][vc_column_inner width=\u00bb1\/4&#8243;][\/vc_column_inner][vc_column_inner width=\u00bb1\/4&#8243;][\/vc_column_inner][vc_column_inner width=\u00bb1\/4&#8243; css=\u00bb.vc_custom_1666621915000{margin-bottom: -20px !important;border-bottom-width: -20px !important;padding-bottom: -20px !important;}\u00bb][vc_column_text]<\/p>\n<p style=\"text-align: center;\"><span style=\"color: #ff0000;\"><strong>Escriba el nombre del producto que est\u00e1 buscando.<\/strong><\/span><\/p>\n<p>[\/vc_column_text][vc_empty_space][\/vc_column_inner][\/vc_row_inner][vc_empty_space][vc_column_text]\n<table id=\"tablepress-14\" class=\"tablepress tablepress-id-14 tablepress-responsive tablepress-responsive-stack-phone\">\n<thead>\n<tr class=\"row-1 odd\">\n\t<th class=\"column-1\">Refrencia<\/th><th class=\"column-2\">Fecha<\/th><th class=\"column-3\">Art\u00edculo<\/th><th class=\"column-4\">Precio<\/th><th class=\"column-5\">Unidades<\/th><th class=\"column-6\">Tiempo de uso<\/th><th class=\"column-7\">Foto<\/th>\n<\/tr>\n<\/thead>\n<tbody class=\"row-hover\">\n<tr class=\"row-2 even\">\n\t<td class=\"column-1\">2010-11<\/td><td class=\"column-2\">23-sept-10<\/td><td class=\"column-3\">Televisor TV HYUNDAI 43\" Pulgadas 109 cm HYLED4324NiM FHD LED Plano Smart Tv, Diamante Azul<\/td><td class=\"column-4\"> $  1.319.900,000 <\/td><td class=\"column-5\">1<\/td><td class=\"column-6\">1 a\u00f1o<\/td><td class=\"column-7\"><img src=\"https:\/\/compraventas.com.co\/es\/wp-content\/uploads\/2022\/10\/herramientas-02.jpg\" width=\"180\" height=\"100\" \/><\/td>\n<\/tr>\n<tr class=\"row-3 odd\">\n\t<td class=\"column-1\"><\/td><td class=\"column-2\">23-ene-22<\/td><td class=\"column-3\">Taladro, percutor, skill taldro 110 voltiios<\/td><td class=\"column-4\">$100000<\/td><td class=\"column-5\">1<\/td><td class=\"column-6\">usado 6 meses<\/td><td class=\"column-7\"><img src=\"https:\/\/compraventas.com.co\/es\/wp-content\/uploads\/2022\/10\/herramientas-02.jpg\" width=\"180\" height=\"100\" \/><br \/>\n<\/td>\n<\/tr>\n<\/tbody>\n<\/table>\n<!-- #tablepress-14 from cache -->[\/vc_column_text][vc_empty_space][\/vc_column][\/vc_row][vc_row][vc_column width=\u00bb1\/4&#8243;][vc_custom_heading text=\u00bbInformaci\u00f3n de contacto\u00bb font_container=\u00bbtag:h3|text_align:left\u00bb google_fonts=\u00bbfont_family:Archivo%20Black%3Aregular|font_style:400%20regular%3A400%3Anormal\u00bb]<div class=\"aio-icon-component    style_1\"><div id=\"Info-box-wrap-5168\" class=\"aio-icon-box default-icon\" style=\"\"  ><div class=\"aio-icon-default\"><div class=\"ult-just-icon-wrapper  \"><div class=\"align-icon\" style=\"text-align:center;\">\n<div class=\"aio-icon none \"  style=\"color:#333;font-size:32px;display:inline-block;\">\n\t<i class=\"Defaults-map-marker\"><\/i>\n<\/div><\/div><\/div><\/div><div class=\"aio-icon-header\" ><a class=\"aio-icon-box-link\" ><h3 class=\"aio-icon-title ult-responsive\"  data-ultimate-target='#Info-box-wrap-5168 .aio-icon-title'  data-responsive-json-new='{\"font-size\":\"\",\"line-height\":\"\"}'  style=\"\">CALLE 36 #32-13<\/h3><\/a><\/div> <!-- header --><\/div> <!-- aio-icon-box --><\/div> <!-- aio-icon-component --><div class=\"aio-icon-component  vc_custom_1729638408751   style_1\"><div id=\"Info-box-wrap-3892\" class=\"aio-icon-box default-icon\" style=\"\"  ><div class=\"aio-icon-default\"><div class=\"ult-just-icon-wrapper  \"><div class=\"align-icon\" style=\"text-align:center;\">\n<div class=\"aio-icon none \"  style=\"color:#333;font-size:32px;display:inline-block;\">\n\t<i class=\"Defaults-phone\"><\/i>\n<\/div><\/div><\/div><\/div><div class=\"aio-icon-header\" ><a class=\"aio-icon-box-link\" href=\"tel:602437355\"><h3 class=\"aio-icon-title ult-responsive\"  data-ultimate-target='#Info-box-wrap-3892 .aio-icon-title'  data-responsive-json-new='{\"font-size\":\"\",\"line-height\":\"\"}'  style=\"\">602 3409572<\/h3><\/a><\/div> <!-- header --><\/div> <!-- aio-icon-box --><\/div> <!-- aio-icon-component --><div class=\"aio-icon-component  vc_custom_1729638726264   style_1\"><div id=\"Info-box-wrap-8833\" class=\"aio-icon-box default-icon\" style=\"\"  ><div class=\"aio-icon-default\"><div class=\"ult-just-icon-wrapper  \"><div class=\"align-icon\" style=\"text-align:center;\">\n<div class=\"aio-icon none \"  style=\"color:#333;font-size:32px;display:inline-block;\">\n\t<i class=\"Defaults-phone\"><\/i>\n<\/div><\/div><\/div><\/div><div class=\"aio-icon-header\" ><a class=\"aio-icon-box-link\" href=\"tel:602437355\"><h3 class=\"aio-icon-title ult-responsive\"  data-ultimate-target='#Info-box-wrap-8833 .aio-icon-title'  data-responsive-json-new='{\"font-size\":\"\",\"line-height\":\"\"}'  style=\"\">310 5737953<\/h3><\/a><\/div> <!-- header --><\/div> <!-- aio-icon-box --><\/div> <!-- aio-icon-component --><div class=\"aio-icon-component  vc_custom_1729649109321   style_1\"><div id=\"Info-box-wrap-3818\" class=\"aio-icon-box default-icon\" style=\"\"  ><div class=\"aio-icon-default\"><div class=\"ult-just-icon-wrapper  \"><div class=\"align-icon\" style=\"text-align:center;\">\n<div class=\"aio-icon none \"  style=\"color:#333;font-size:32px;display:inline-block;\">\n\t<i class=\"Defaults-whatsapp\"><\/i>\n<\/div><\/div><\/div><\/div><div class=\"aio-icon-header\" ><a class=\"aio-icon-box-link\" href=\"https:\/\/api.whatsapp.com\/send?phone=57 310 5737953&text=Buen%20d\u00eda\"target=\"_blank\"rel=\"noopener\"><h3 class=\"aio-icon-title ult-responsive\"  data-ultimate-target='#Info-box-wrap-3818 .aio-icon-title'  data-responsive-json-new='{\"font-size\":\"\",\"line-height\":\"\"}'  style=\"\">WhatsApp<\/h3><\/a><\/div> <!-- header --><\/div> <!-- aio-icon-box --><\/div> <!-- aio-icon-component -->[vc_separator]<div class=\"aio-icon-component    style_1\"><div id=\"Info-box-wrap-6224\" class=\"aio-icon-box default-icon\" style=\"\"  ><div class=\"aio-icon-default\"><div class=\"ult-just-icon-wrapper  \"><div class=\"align-icon\" style=\"text-align:center;\">\n<div class=\"aio-icon none \"  style=\"color:#333;font-size:32px;display:inline-block;\">\n\t<i class=\"Defaults-calendar\"><\/i>\n<\/div><\/div><\/div><\/div><div class=\"aio-icon-header\" ><a class=\"aio-icon-box-link\" href=\"https:\/\/api.whatsapp.com\/send?phone=573147712073&text=Buen%20d\u00eda\"target=\"_blank\"rel=\"noopener\"><h3 class=\"aio-icon-title ult-responsive\"  data-ultimate-target='#Info-box-wrap-6224 .aio-icon-title'  data-responsive-json-new='{\"font-size\":\"\",\"line-height\":\"\"}'  style=\"\">Horario de atenci\u00f3n<\/h3><\/a><\/div> <!-- header --><div class=\"aio-icon-description ult-responsive\"  data-ultimate-target='#Info-box-wrap-6224 .aio-icon-description'  data-responsive-json-new='{\"font-size\":\"\",\"line-height\":\"\"}'  style=\"\"><strong>Servicio 24 Horas<\/strong><\/div> <!-- description --><\/div> <!-- aio-icon-box --><\/div> <!-- aio-icon-component -->[\/vc_column][vc_column width=\u00bb1\/4&#8243;][vc_column_text]<iframe loading=\"lazy\" style=\"border: 0;\" src=\"https:\/\/www.google.com\/maps\/embed?pb=!4v1666801099197!6m8!1m7!1s4wYRXfI90sEQErGuexJC9g!2m2!1d3.422409009486091!2d-76.50470447585413!3f114.01806988968735!4f4.271628950892691!5f0.7820865974627469\" width=\"100%\" height=\"580\" allowfullscreen=\"allowfullscreen\"><\/iframe>[\/vc_column_text][\/vc_column][vc_column width=\u00bb1\/2&#8243;][vc_column_text]<style type=\"text\/css\">\n  .asl-p-cont .asl-print-btn,.asl-cont .asl-print-btn {display: none !important;}  .asl-cont .onoffswitch .onoffswitch-label .onoffswitch-switch:before {content: \"ABIERTO\" !important;}\n  .asl-cont .onoffswitch .onoffswitch-label .onoffswitch-switch:after {content: \"TODOS\" !important;}\n  @media (max-width: 767px) {\n    #asl-storelocator.asl-cont .asl-panel {order: 0;}\n  }\n<\/style>\n<div id=\"asl-storelocator\" class=\"storelocator-main asl-cont asl-template-0 asl-layout-0 asl-bg-0 map-full full-width no-asl-filters  asl-text-1\">\n  <div class=\"asl-wrapper\">\n    <div class=\"sl-container-fluid\">\n                  <div class=\"sl-row\">\n        <div class=\"pol-12\">\n            <div class=\"sl-main-cont\">\n                <div class=\"sl-row no-gutters sl-main-row\">\n                    <div id=\"asl-panel\" class=\"asl-panel pol-md-5 pol-lg-4 asl_locator-panel\">\n                        <div class=\"asl-overlay\" id=\"map-loading\">\n                            <div class=\"white\"><\/div>\n                            <div class=\"sl-loading\">\n                              <i class=\"animate-sl-spin icon-spin3\"><\/i>\n                              Cargando                            <\/div>\n                        <\/div>\n                                                <div class=\"inside search_filter\">\n                          <p class=\"mb-2\">ubicaci\u00f3n de b\u00fasqueda<\/p>\n                          <div class=\"asl-store-search\">\n                            <input type=\"text\" value=\"\" id=\"auto-complete-search\" class=\"asl-search-address form-control\" placeholder=\"Ingrese una ubicaci\u00f3n\">\n                            <button type=\"button\" class=\"span-geo\"><i class=\"asl-geo asl-geo icon-direction-outline\" title=\"Ubicaci\u00f3n actual\"><\/i><\/button>\n                          <\/div>\n                        <\/div>\n                                                <!-- list -->\n                        <div class=\"asl-panel-inner\">\n                            <div class=\"top-title Num_of_store\">\n                              <span>N\u00famero de tiendas: <span class=\"count-result\">0<\/span><\/span>\n                              <a class=\"asl-print-btn\"><span>IMPRESI\u00d3N<\/span><span class=\"asl-print\"><\/span><\/a>\n                            <\/div>\n                            <div class=\"sl-main-cont-box\">\n                              <div id=\"asl-list\" class=\"sl-list-wrapper\">\n                                <ul id=\"p-statelist\" class=\"sl-list\">\n                                <\/ul>\n                              <\/div>\n                            <\/div>\n                        <\/div>\n\n                        <div class=\"directions-cont hide\">\n                            <div class=\"agile-modal-header\">\n                                <button type=\"button\" class=\"close\"><span aria-hidden=\"true\">\u00d7<\/span><\/button>\n                                <h4>Direcci\u00f3n de la tienda<\/h4>\n                            <\/div>\n                            <div class=\"rendered-directions\" id=\"asl-rendered-dir\" style=\"direction: ltr;\"><\/div>\n                        <\/div>\n                    <\/div>\n                    <div class=\"pol-md-7 pol-lg-8 asl-map\">\n                        <div class=\"map-image\">\n                            <div id=\"asl-map-canv\" class=\"asl-map-canv\"><\/div>\n                            <div id=\"agile-modal-direction\" class=\"agile-modal fade\">\n    <div class=\"agile-modal-backdrop-in\"><\/div>\n    <div class=\"agile-modal-dialog in\">\n        <div class=\"agile-modal-content\">\n            <div class=\"sl-form-group d-flex justify-content-between\">\n                <h4>Obtenga su direcci\u00f3n<\/h4>\n                <button type=\"button\" class=\"close-directions sl-close\" data-dismiss=\"agile-modal\" aria-label=\"Close\">&times;<\/button>\n            <\/div>\n            <div class=\"sl-form-group\">\n                <label for=\"frm-lbl\">Desde:<\/label>\n                <input type=\"text\" class=\"form-control frm-place\" id=\"frm-lbl\" placeholder=\"Ingrese una ubicaci\u00f3n\">\n            <\/div>\n            <div class=\"sl-form-group\">\n                <label for=\"frm-lbl\">A:<\/label>\n                <input readonly=\"true\" type=\"text\"  class=\"directions-to form-control\" id=\"to-lbl\" placeholder=\"Direcci\u00f3n de destino rellenada previamente\">\n            <\/div>\n            <div class=\"sl-form-group mb-0\">\n                <label class=\"checkbox-inline\">\n                    <input type=\"radio\" name=\"dist-type\"  id=\"rbtn-km\" value=\"0\"> kil\u00f3metros                <\/label>\n                <label class=\"checkbox-inline\">\n                    <input type=\"radio\" name=\"dist-type\" checked id=\"rbtn-mile\" value=\"1\"> Milla                <\/label>\n            <\/div>\n            <div class=\"sl-form-group mb-0\">\n                <button type=\"submit\" class=\"btn btn-default btn-submit\">Como llegar<\/button>\n            <\/div>\n        <\/div>\n    <\/div>\n<\/div>\n\n<div id=\"asl-geolocation-agile-modal\" class=\"agile-modal fade\">\n  <div class=\"agile-modal-backdrop-in\"><\/div>\n  <div class=\"agile-modal-dialog in\">\n    <div class=\"agile-modal-content\">\n            <div class=\"sl-form-group d-flex justify-content-between\">\n        <h5>Usar mi ubicaci\u00f3n para encontrar el proveedor de servicios m\u00e1s cercano cerca de m\u00ed<\/h5>\n        <button type=\"button\" class=\"close-directions sl-close\" data-dismiss=\"agile-modal\" aria-label=\"Close\" aria-hidden=\"true\">&times;<\/button>\n      <\/div>\n      <div class=\"sl-form-group text-center mb-0\">\n        <button type=\"button\" id=\"asl-btn-geolocation\" class=\"btn btn-block btn-default\">uso Localizaci\u00f3n<\/button>\n      <\/div>\n          <\/div>\n  <\/div>\n<\/div>\n\n<div id=\"asl-desc-agile-modal\" class=\"agile-modal fade\">\n  <div class=\"agile-modal-backdrop-in\"><\/div>\n  <div class=\"agile-modal-dialog in\">\n    <div class=\"agile-modal-content\">\n      <div class=\"sl-row\">\n        <div class=\"pol-md-12\">\n          <div class=\"sl-form-group d-flex justify-content-between\">\n            <h4 class=\"sl-title\"><\/h4>\n            <button type=\"button\" class=\"close-directions sl-close\" data-dismiss=\"agile-modal\" aria-label=\"Close\">&times;<\/button>\n          <\/div>\n          <p class=\"sl-desc\"><\/p>\n        <\/div>\n      <\/div>\n    <\/div>\n  <\/div>\n<\/div>                        <\/div>\n                    <\/div>\n                <\/div>\n            <\/div>\n        <\/div>\n      <\/div>\n    <\/div>\n  <\/div>\n<\/div>\n<!-- This plugin is developed by \"Agile Store Locator for WordPress\" https:\/\/agilestorelocator.com -->[\/vc_column_text][vc_column_text]<\/p>\n<p style=\"text-align: center;\"><span style=\"font-size: 8pt;\"><a href=\"https:\/\/cali-virtual.com\/\" target=\"_blank\" rel=\"noopener\">SEO por Cali Virtual<\/a><\/span><\/p>\n<p>[\/vc_column_text][\/vc_column][\/vc_row][vc_row][vc_column][vc_empty_space][\/vc_column][\/vc_row]<\/p>\n<\/section>","protected":false},"excerpt":{"rendered":"<p>[vc_row][vc_column width=\u00bb1\/4&#8243;][vc_column_text] [\/vc_column_text][\/vc_column][vc_column width=\u00bb3\/4&#8243;][vc_column_text css=\u00bb.vc_custom_1729637341935{background-color: #4f4f4f !important;}\u00bb] [\/vc_column_text][\/vc_column][\/vc_row][vc_row full_width=\u00bbstretch_row\u00bb][vc_column][vc_empty_space][vc_column_text] ZONA ORIENTE &#8211; CALLE 36 #32-13 Tel: 6023409572 Cel: 3105737953 Almac\u00e9n compra venta en Cali, Servicio 24H. [\/vc_column_text][vc_empty_space][vc_row_inner][vc_column_inner width=\u00bb1\/4&#8243; css=\u00bb.vc_custom_1666623940994{margin-bottom: -20px !important;border-bottom-width: -20px !important;padding-bottom: -20px !important;}\u00bb][vc_column_text] Lista de art\u00edculos disponibles sujetos a cambios sin previo aviso. [\/vc_column_text][vc_empty_space][\/vc_column_inner][vc_column_inner width=\u00bb1\/4&#8243;][\/vc_column_inner][vc_column_inner width=\u00bb1\/4&#8243;][\/vc_column_inner][vc_column_inner width=\u00bb1\/4&#8243; css=\u00bb.vc_custom_1666621915000{margin-bottom: -20px !important;border-bottom-width: -20px !important;padding-bottom: -20px [&hellip;]<\/p>\n","protected":false},"author":1,"featured_media":4231,"parent":0,"menu_order":0,"comment_status":"closed","ping_status":"closed","template":"","meta":{"om_disable_all_campaigns":false,"_mi_skip_tracking":false},"aioseo_notices":[],"_links":{"self":[{"href":"https:\/\/compraventas.com.co\/es\/wp-json\/wp\/v2\/pages\/1212"}],"collection":[{"href":"https:\/\/compraventas.com.co\/es\/wp-json\/wp\/v2\/pages"}],"about":[{"href":"https:\/\/compraventas.com.co\/es\/wp-json\/wp\/v2\/types\/page"}],"author":[{"embeddable":true,"href":"https:\/\/compraventas.com.co\/es\/wp-json\/wp\/v2\/users\/1"}],"replies":[{"embeddable":true,"href":"https:\/\/compraventas.com.co\/es\/wp-json\/wp\/v2\/comments?post=1212"}],"version-history":[{"count":15,"href":"https:\/\/compraventas.com.co\/es\/wp-json\/wp\/v2\/pages\/1212\/revisions"}],"predecessor-version":[{"id":4236,"href":"https:\/\/compraventas.com.co\/es\/wp-json\/wp\/v2\/pages\/1212\/revisions\/4236"}],"wp:featuredmedia":[{"embeddable":true,"href":"https:\/\/compraventas.com.co\/es\/wp-json\/wp\/v2\/media\/4231"}],"wp:attachment":[{"href":"https:\/\/compraventas.com.co\/es\/wp-json\/wp\/v2\/media?parent=1212"}],"curies":[{"name":"wp","href":"https:\/\/api.w.org\/{rel}","templated":true}]}}